{"id":993,"date":"2023-03-07T20:04:32","date_gmt":"2023-03-07T20:04:32","guid":{"rendered":"https:\/\/ezequielfloresinmobiliaria.com\/?page_id=993"},"modified":"2024-08-30T22:26:56","modified_gmt":"2024-08-30T22:26:56","slug":"nosotros","status":"publish","type":"page","link":"https:\/\/ezequielfloresinmobiliaria.com\/index.php\/nosotros\/","title":{"rendered":"Nosotros"},"content":{"rendered":"\n<div class=\"wp-block-uagb-container desenfoque uagb-block-ed96fcf3 alignfull uagb-is-root-container\">\n<div class=\"wp-block-uagb-advanced-heading uagb-block-3414eb80\"><h2 class=\"uagb-heading-text\">Sobre NOSOTROS<\/h2><\/div>\n<\/div>\n\n\n\n<div class=\"wp-block-uagb-container uagb-block-9465d5ea alignfull uagb-is-root-container\"><div class=\"uagb-container-inner-blocks-wrap\">\n<div class=\"wp-block-uagb-container uagb-block-8184cb22\">\n<div class=\"wp-block-uagb-image uagb-block-7a79db4b wp-block-uagb-image--layout-default wp-block-uagb-image--effect-static wp-block-uagb-image--align-none\"><figure class=\"wp-block-uagb-image__figure\"><img decoding=\"async\" srcset=\"https:\/\/ezequielfloresinmobiliaria.com\/wp-content\/uploads\/2024\/08\/Oficina-Ezequiel-Flores-Inmobiliaria-en-Jesus-Maria-Cordoba-6-768x1024.jpg ,https:\/\/ezequielfloresinmobiliaria.com\/wp-content\/uploads\/2024\/08\/Oficina-Ezequiel-Flores-Inmobiliaria-en-Jesus-Maria-Cordoba-6-rotated.jpg 780w, https:\/\/ezequielfloresinmobiliaria.com\/wp-content\/uploads\/2024\/08\/Oficina-Ezequiel-Flores-Inmobiliaria-en-Jesus-Maria-Cordoba-6-rotated.jpg 360w\" sizes=\"auto, (max-width: 480px) 150px\" src=\"https:\/\/ezequielfloresinmobiliaria.com\/wp-content\/uploads\/2024\/08\/Oficina-Ezequiel-Flores-Inmobiliaria-en-Jesus-Maria-Cordoba-6-768x1024.jpg\" alt=\"\" class=\"uag-image-2074\" width=\"768\" height=\"1024\" title=\"Oficina Ezequiel Flores Inmobiliaria en Jesus Mar\u00eda Cordoba (6)\" loading=\"lazy\" role=\"img\"\/><\/figure><\/div>\n<\/div>\n\n\n\n<div class=\"wp-block-uagb-image uagb-block-742bb6ce wp-block-uagb-image--layout-default wp-block-uagb-image--effect-static wp-block-uagb-image--align-none\"><figure class=\"wp-block-uagb-image__figure\"><img decoding=\"async\" srcset=\"https:\/\/ezequielfloresinmobiliaria.com\/wp-content\/uploads\/2024\/08\/Oficina-Ezequiel-Flores-Inmobiliaria-en-Jesus-Maria-Cordoba-2-768x1024.jpeg ,https:\/\/ezequielfloresinmobiliaria.com\/wp-content\/uploads\/2024\/08\/Oficina-Ezequiel-Flores-Inmobiliaria-en-Jesus-Maria-Cordoba-2.jpeg 780w, https:\/\/ezequielfloresinmobiliaria.com\/wp-content\/uploads\/2024\/08\/Oficina-Ezequiel-Flores-Inmobiliaria-en-Jesus-Maria-Cordoba-2.jpeg 360w\" sizes=\"auto, (max-width: 480px) 150px\" src=\"https:\/\/ezequielfloresinmobiliaria.com\/wp-content\/uploads\/2024\/08\/Oficina-Ezequiel-Flores-Inmobiliaria-en-Jesus-Maria-Cordoba-2-768x1024.jpeg\" alt=\"\" class=\"uag-image-2075\" width=\"768\" height=\"1024\" title=\"Oficina Ezequiel Flores Inmobiliaria en Jesus Mar\u00eda Cordoba (2)\" loading=\"lazy\" role=\"img\"\/><\/figure><\/div>\n<\/div><\/div>\n\n\n\n<div class=\"wp-block-uagb-container uagb-block-db2493fa alignfull uagb-is-root-container\"><div class=\"uagb-container-inner-blocks-wrap\">\n<div class=\"wp-block-uagb-container uagb-block-198ed146\">\n<div class=\"wp-block-uagb-image uagb-block-e606057f wp-block-uagb-image--layout-default wp-block-uagb-image--effect-static wp-block-uagb-image--align-none\"><figure class=\"wp-block-uagb-image__figure\"><img decoding=\"async\" srcset=\"https:\/\/ezequielfloresinmobiliaria.com\/wp-content\/uploads\/2024\/08\/Oficina-Ezequiel-Flores-Inmobiliaria-en-Jesus-Maria-Cordoba-4-768x1024.jpeg ,https:\/\/ezequielfloresinmobiliaria.com\/wp-content\/uploads\/2024\/08\/Oficina-Ezequiel-Flores-Inmobiliaria-en-Jesus-Maria-Cordoba-4.jpeg 780w, https:\/\/ezequielfloresinmobiliaria.com\/wp-content\/uploads\/2024\/08\/Oficina-Ezequiel-Flores-Inmobiliaria-en-Jesus-Maria-Cordoba-4.jpeg 360w\" sizes=\"auto, (max-width: 480px) 150px\" src=\"https:\/\/ezequielfloresinmobiliaria.com\/wp-content\/uploads\/2024\/08\/Oficina-Ezequiel-Flores-Inmobiliaria-en-Jesus-Maria-Cordoba-4-768x1024.jpeg\" alt=\"\" class=\"uag-image-2079\" width=\"768\" height=\"1024\" title=\"Oficina Ezequiel Flores Inmobiliaria en Jesus Mar\u00eda Cordoba (4)\" loading=\"lazy\" role=\"img\"\/><\/figure><\/div>\n<\/div>\n\n\n\n<div class=\"wp-block-uagb-container uagb-block-59ba569b\">\n<div class=\"wp-block-uagb-info-box uagb-block-1701289c uagb-infobox__content-wrap  uagb-infobox-icon-above-title uagb-infobox-image-valign-top\"><div class=\"uagb-ifb-content\"><div class=\"uagb-ifb-title-wrap\"><h3 class=\"uagb-ifb-title\">Nuestros Servicios<\/h3><\/div><p class=\"uagb-ifb-desc\">Ofrecemos un servicio completo y personalizado para cubrir todas tus necesidades inmobiliarias: compra y venta, arrendamientos rurales, administraci\u00f3n de propiedades, tasaciones e inversiones.<\/p><\/div><\/div>\n<\/div>\n<\/div><\/div>\n\n\n\n<div class=\"wp-block-uagb-container uagb-block-ab27f3fe alignfull uagb-is-root-container\"><div class=\"uagb-container-inner-blocks-wrap\">\n<div class=\"wp-block-uagb-container uagb-block-6dd4474e\">\n<div class=\"wp-block-uagb-info-box uagb-block-94c393d8 uagb-infobox__content-wrap  uagb-infobox-icon-above-title uagb-infobox-image-valign-top\"><div class=\"uagb-ifb-content\"><div class=\"uagb-ifb-title-wrap\"><h3 class=\"uagb-ifb-title\">Confidencialidad y Experiencia<\/h3><\/div><p class=\"uagb-ifb-desc\">En Ezequiel Flores Inmobiliaria, sabemos que cada negociaci\u00f3n es \u00fanica, por eso te acompa\u00f1amos de principio a fin con nuestro mayor compromiso, seriedad y discreci\u00f3n.<\/p><\/div><\/div>\n<\/div>\n\n\n\n<div class=\"wp-block-uagb-container uagb-block-8fa4265e\">\n<div class=\"wp-block-uagb-image uagb-block-aa00be61 wp-block-uagb-image--layout-default wp-block-uagb-image--effect-static wp-block-uagb-image--align-none\"><figure class=\"wp-block-uagb-image__figure\"><img decoding=\"async\" srcset=\"https:\/\/ezequielfloresinmobiliaria.com\/wp-content\/uploads\/2024\/08\/Oficina-Ezequiel-Flores-Inmobiliaria-en-Jesus-Maria-Cordoba-5-768x1024.jpeg ,https:\/\/ezequielfloresinmobiliaria.com\/wp-content\/uploads\/2024\/08\/Oficina-Ezequiel-Flores-Inmobiliaria-en-Jesus-Maria-Cordoba-5.jpeg 780w, https:\/\/ezequielfloresinmobiliaria.com\/wp-content\/uploads\/2024\/08\/Oficina-Ezequiel-Flores-Inmobiliaria-en-Jesus-Maria-Cordoba-5.jpeg 360w\" sizes=\"auto, (max-width: 480px) 150px\" src=\"https:\/\/ezequielfloresinmobiliaria.com\/wp-content\/uploads\/2024\/08\/Oficina-Ezequiel-Flores-Inmobiliaria-en-Jesus-Maria-Cordoba-5-768x1024.jpeg\" alt=\"\" class=\"uag-image-2080\" width=\"768\" height=\"1024\" title=\"Oficina Ezequiel Flores Inmobiliaria en Jesus Mar\u00eda Cordoba (5)\" loading=\"lazy\" role=\"img\"\/><\/figure><\/div>\n<\/div>\n<\/div><\/div>\n\n\n\n<div class=\"wp-block-uagb-container uagb-block-3ccf2e64 alignfull uagb-is-root-container\"><div class=\"uagb-container-inner-blocks-wrap\">\n<div class=\"wp-block-uagb-container uagb-block-2bf67e7f\">\n<div class=\"wp-block-uagb-image uagb-block-370b74a6 wp-block-uagb-image--layout-default wp-block-uagb-image--effect-static wp-block-uagb-image--align-none\"><figure class=\"wp-block-uagb-image__figure\"><img decoding=\"async\" srcset=\"https:\/\/ezequielfloresinmobiliaria.com\/wp-content\/uploads\/2024\/08\/Inmobiliaria-Verticales-12-773x1024.png ,https:\/\/ezequielfloresinmobiliaria.com\/wp-content\/uploads\/2024\/08\/Inmobiliaria-Verticales-12.png 780w, https:\/\/ezequielfloresinmobiliaria.com\/wp-content\/uploads\/2024\/08\/Inmobiliaria-Verticales-12.png 360w\" sizes=\"auto, (max-width: 480px) 150px\" src=\"https:\/\/ezequielfloresinmobiliaria.com\/wp-content\/uploads\/2024\/08\/Inmobiliaria-Verticales-12-773x1024.png\" alt=\"\" class=\"uag-image-2091\" width=\"768\" height=\"1024\" title=\"Inmobiliaria Verticales 12\" loading=\"lazy\" role=\"img\"\/><\/figure><\/div>\n<\/div>\n\n\n\n<div class=\"wp-block-uagb-container uagb-block-c1e29ac5\">\n<div class=\"wp-block-uagb-info-box uagb-block-ab688b51 uagb-infobox__content-wrap  uagb-infobox-icon-above-title uagb-infobox-image-valign-top\"><div class=\"uagb-ifb-content\"><div class=\"uagb-ifb-title-wrap\"><h3 class=\"uagb-ifb-title\">Soy Ezequiel Flores<\/h3><\/div><p class=\"uagb-ifb-desc\">Mi riqueza en conocimientos y experiencia me ha permitido lograr resultados sobresalientes para mis clientes a trav\u00e9s de mi enfoque honesto, \u00e9tico y profesional en cada una de las negociaciones que he realizado.<br>Si desea m\u00e1s informaci\u00f3n sobre los servicios que presto o reunirse conmigo, no dude en contactarnos.<\/p><\/div><\/div>\n<\/div>\n<\/div><\/div>\n","protected":false},"excerpt":{"rendered":"<p>Sobre NOSOTROS<\/p>\n","protected":false},"author":1,"featured_media":0,"parent":0,"menu_order":0,"comment_status":"closed","ping_status":"closed","template":"","meta":{"_uag_custom_page_level_css":"","site-sidebar-layout":"default","site-content-layout":"","ast-site-content-layout":"default","site-content-style":"default","site-sidebar-style":"default","ast-global-header-display":"","ast-banner-title-visibility":"","ast-main-header-display":"","ast-hfb-above-header-display":"","ast-hfb-below-header-display":"","ast-hfb-mobile-header-display":"","site-post-title":"disabled","ast-breadcrumbs-content":"","ast-featured-img":"","footer-sml-layout":"","ast-disable-related-posts":"","theme-transparent-header-meta":"","adv-header-id-meta":"","stick-header-meta":"","header-above-stick-meta":"","header-main-stick-meta":"","header-below-stick-meta":"","astra-migrate-meta-layouts":"default","ast-page-background-enabled":"default","ast-page-background-meta":{"desktop":{"background-color":"var(--ast-global-color-4)","background-image":"","background-repeat":"repeat","background-position":"center center","background-size":"auto","background-attachment":"scroll","background-type":"","background-media":"","overlay-type":"","overlay-color":"","overlay-opacity":"","overlay-gradient":""},"tablet":{"background-color":"","background-image":"","background-repeat":"repeat","background-position":"center center","background-size":"auto","background-attachment":"scroll","background-type":"","background-media":"","overlay-type":"","overlay-color":"","overlay-opacity":"","overlay-gradient":""},"mobile":{"background-color":"","background-image":"","background-repeat":"repeat","background-position":"center center","background-size":"auto","background-attachment":"scroll","background-type":"","background-media":"","overlay-type":"","overlay-color":"","overlay-opacity":"","overlay-gradient":""}},"ast-content-background-meta":{"desktop":{"background-color":"var(--ast-global-color-5)","background-image":"","background-repeat":"repeat","background-position":"center center","background-size":"auto","background-attachment":"scroll","background-type":"","background-media":"","overlay-type":"","overlay-color":"","overlay-opacity":"","overlay-gradient":""},"tablet":{"background-color":"var(--ast-global-color-5)","background-image":"","background-repeat":"repeat","background-position":"center center","background-size":"auto","background-attachment":"scroll","background-type":"","background-media":"","overlay-type":"","overlay-color":"","overlay-opacity":"","overlay-gradient":""},"mobile":{"background-color":"var(--ast-global-color-5)","background-image":"","background-repeat":"repeat","background-position":"center center","background-size":"auto","background-attachment":"scroll","background-type":"","background-media":"","overlay-type":"","overlay-color":"","overlay-opacity":"","overlay-gradient":""}},"footnotes":""},"class_list":["post-993","page","type-page","status-publish","hentry"],"yoast_head":"<!-- This site is optimized with the Yoast SEO plugin v27.5 - https:\/\/yoast.com\/product\/yoast-seo-wordpress\/ -->\n<title>Nosotros - Ezequiel Flores - Inmobiliaria<\/title>\n<meta name=\"robots\" content=\"index, follow, max-snippet:-1, max-image-preview:large, max-video-preview:-1\" \/>\n<link rel=\"canonical\" href=\"https:\/\/ezequielfloresinmobiliaria.com\/index.php\/nosotros\/\" \/>\n<meta property=\"og:locale\" content=\"es_ES\" \/>\n<meta property=\"og:type\" content=\"article\" \/>\n<meta property=\"og:title\" content=\"Nosotros - Ezequiel Flores - Inmobiliaria\" \/>\n<meta property=\"og:description\" content=\"Sobre NOSOTROS\" \/>\n<meta property=\"og:url\" content=\"https:\/\/ezequielfloresinmobiliaria.com\/index.php\/nosotros\/\" \/>\n<meta property=\"og:site_name\" content=\"Ezequiel Flores - Inmobiliaria\" \/>\n<meta property=\"article:publisher\" content=\"https:\/\/www.facebook.com\/ezequiel.flores.718\" \/>\n<meta property=\"article:modified_time\" content=\"2024-08-30T22:26:56+00:00\" \/>\n<meta property=\"og:image\" content=\"https:\/\/ezequielfloresinmobiliaria.com\/wp-content\/uploads\/2024\/08\/Oficina-Ezequiel-Flores-Inmobiliaria-en-Jesus-Maria-Cordoba-6-768x1024.jpg\" \/>\n<meta name=\"twitter:card\" content=\"summary_large_image\" \/>\n<meta name=\"twitter:label1\" content=\"Tiempo de lectura\" \/>\n\t<meta name=\"twitter:data1\" content=\"1 minuto\" \/>\n<script type=\"application\/ld+json\" class=\"yoast-schema-graph\">{\"@context\":\"https:\\\/\\\/schema.org\",\"@graph\":[{\"@type\":\"WebPage\",\"@id\":\"https:\\\/\\\/ezequielfloresinmobiliaria.com\\\/index.php\\\/nosotros\\\/\",\"url\":\"https:\\\/\\\/ezequielfloresinmobiliaria.com\\\/index.php\\\/nosotros\\\/\",\"name\":\"Nosotros - Ezequiel Flores - Inmobiliaria\",\"isPartOf\":{\"@id\":\"https:\\\/\\\/ezequielfloresinmobiliaria.com\\\/#website\"},\"primaryImageOfPage\":{\"@id\":\"https:\\\/\\\/ezequielfloresinmobiliaria.com\\\/index.php\\\/nosotros\\\/#primaryimage\"},\"image\":{\"@id\":\"https:\\\/\\\/ezequielfloresinmobiliaria.com\\\/index.php\\\/nosotros\\\/#primaryimage\"},\"thumbnailUrl\":\"https:\\\/\\\/ezequielfloresinmobiliaria.com\\\/wp-content\\\/uploads\\\/2024\\\/08\\\/Oficina-Ezequiel-Flores-Inmobiliaria-en-Jesus-Maria-Cordoba-6-768x1024.jpg\",\"datePublished\":\"2023-03-07T20:04:32+00:00\",\"dateModified\":\"2024-08-30T22:26:56+00:00\",\"breadcrumb\":{\"@id\":\"https:\\\/\\\/ezequielfloresinmobiliaria.com\\\/index.php\\\/nosotros\\\/#breadcrumb\"},\"inLanguage\":\"es\",\"potentialAction\":[{\"@type\":\"ReadAction\",\"target\":[\"https:\\\/\\\/ezequielfloresinmobiliaria.com\\\/index.php\\\/nosotros\\\/\"]}]},{\"@type\":\"ImageObject\",\"inLanguage\":\"es\",\"@id\":\"https:\\\/\\\/ezequielfloresinmobiliaria.com\\\/index.php\\\/nosotros\\\/#primaryimage\",\"url\":\"https:\\\/\\\/ezequielfloresinmobiliaria.com\\\/wp-content\\\/uploads\\\/2024\\\/08\\\/Oficina-Ezequiel-Flores-Inmobiliaria-en-Jesus-Maria-Cordoba-6-768x1024.jpg\",\"contentUrl\":\"https:\\\/\\\/ezequielfloresinmobiliaria.com\\\/wp-content\\\/uploads\\\/2024\\\/08\\\/Oficina-Ezequiel-Flores-Inmobiliaria-en-Jesus-Maria-Cordoba-6-768x1024.jpg\"},{\"@type\":\"BreadcrumbList\",\"@id\":\"https:\\\/\\\/ezequielfloresinmobiliaria.com\\\/index.php\\\/nosotros\\\/#breadcrumb\",\"itemListElement\":[{\"@type\":\"ListItem\",\"position\":1,\"name\":\"Portada\",\"item\":\"https:\\\/\\\/ezequielfloresinmobiliaria.com\\\/\"},{\"@type\":\"ListItem\",\"position\":2,\"name\":\"Nosotros\"}]},{\"@type\":\"WebSite\",\"@id\":\"https:\\\/\\\/ezequielfloresinmobiliaria.com\\\/#website\",\"url\":\"https:\\\/\\\/ezequielfloresinmobiliaria.com\\\/\",\"name\":\"Ezequiel Flores - Inmobiliaria\",\"description\":\"Inversiones Inmobiliarias en Jes\u00fas Mar\u00eda y alrededores\",\"publisher\":{\"@id\":\"https:\\\/\\\/ezequielfloresinmobiliaria.com\\\/#organization\"},\"potentialAction\":[{\"@type\":\"SearchAction\",\"target\":{\"@type\":\"EntryPoint\",\"urlTemplate\":\"https:\\\/\\\/ezequielfloresinmobiliaria.com\\\/?s={search_term_string}\"},\"query-input\":{\"@type\":\"PropertyValueSpecification\",\"valueRequired\":true,\"valueName\":\"search_term_string\"}}],\"inLanguage\":\"es\"},{\"@type\":\"Organization\",\"@id\":\"https:\\\/\\\/ezequielfloresinmobiliaria.com\\\/#organization\",\"name\":\"Ezequiel Flores - Inmobiliaria\",\"url\":\"https:\\\/\\\/ezequielfloresinmobiliaria.com\\\/\",\"logo\":{\"@type\":\"ImageObject\",\"inLanguage\":\"es\",\"@id\":\"https:\\\/\\\/ezequielfloresinmobiliaria.com\\\/#\\\/schema\\\/logo\\\/image\\\/\",\"url\":\"https:\\\/\\\/ezequielfloresinmobiliaria.com\\\/wp-content\\\/uploads\\\/2025\\\/06\\\/Inmobiliaria.png\",\"contentUrl\":\"https:\\\/\\\/ezequielfloresinmobiliaria.com\\\/wp-content\\\/uploads\\\/2025\\\/06\\\/Inmobiliaria.png\",\"width\":1122,\"height\":1181,\"caption\":\"Ezequiel Flores - Inmobiliaria\"},\"image\":{\"@id\":\"https:\\\/\\\/ezequielfloresinmobiliaria.com\\\/#\\\/schema\\\/logo\\\/image\\\/\"},\"sameAs\":[\"https:\\\/\\\/www.facebook.com\\\/ezequiel.flores.718\",\"https:\\\/\\\/www.instagram.com\\\/ezequielflores_inmobiliaria\\\/\"]}]}<\/script>\n<!-- \/ Yoast SEO plugin. -->","yoast_head_json":{"title":"Nosotros - Ezequiel Flores - Inmobiliaria","robots":{"index":"index","follow":"follow","max-snippet":"max-snippet:-1","max-image-preview":"max-image-preview:large","max-video-preview":"max-video-preview:-1"},"canonical":"https:\/\/ezequielfloresinmobiliaria.com\/index.php\/nosotros\/","og_locale":"es_ES","og_type":"article","og_title":"Nosotros - Ezequiel Flores - Inmobiliaria","og_description":"Sobre NOSOTROS","og_url":"https:\/\/ezequielfloresinmobiliaria.com\/index.php\/nosotros\/","og_site_name":"Ezequiel Flores - Inmobiliaria","article_publisher":"https:\/\/www.facebook.com\/ezequiel.flores.718","article_modified_time":"2024-08-30T22:26:56+00:00","og_image":[{"url":"https:\/\/ezequielfloresinmobiliaria.com\/wp-content\/uploads\/2024\/08\/Oficina-Ezequiel-Flores-Inmobiliaria-en-Jesus-Maria-Cordoba-6-768x1024.jpg","type":"","width":"","height":""}],"twitter_card":"summary_large_image","twitter_misc":{"Tiempo de lectura":"1 minuto"},"schema":{"@context":"https:\/\/schema.org","@graph":[{"@type":"WebPage","@id":"https:\/\/ezequielfloresinmobiliaria.com\/index.php\/nosotros\/","url":"https:\/\/ezequielfloresinmobiliaria.com\/index.php\/nosotros\/","name":"Nosotros - Ezequiel Flores - Inmobiliaria","isPartOf":{"@id":"https:\/\/ezequielfloresinmobiliaria.com\/#website"},"primaryImageOfPage":{"@id":"https:\/\/ezequielfloresinmobiliaria.com\/index.php\/nosotros\/#primaryimage"},"image":{"@id":"https:\/\/ezequielfloresinmobiliaria.com\/index.php\/nosotros\/#primaryimage"},"thumbnailUrl":"https:\/\/ezequielfloresinmobiliaria.com\/wp-content\/uploads\/2024\/08\/Oficina-Ezequiel-Flores-Inmobiliaria-en-Jesus-Maria-Cordoba-6-768x1024.jpg","datePublished":"2023-03-07T20:04:32+00:00","dateModified":"2024-08-30T22:26:56+00:00","breadcrumb":{"@id":"https:\/\/ezequielfloresinmobiliaria.com\/index.php\/nosotros\/#breadcrumb"},"inLanguage":"es","potentialAction":[{"@type":"ReadAction","target":["https:\/\/ezequielfloresinmobiliaria.com\/index.php\/nosotros\/"]}]},{"@type":"ImageObject","inLanguage":"es","@id":"https:\/\/ezequielfloresinmobiliaria.com\/index.php\/nosotros\/#primaryimage","url":"https:\/\/ezequielfloresinmobiliaria.com\/wp-content\/uploads\/2024\/08\/Oficina-Ezequiel-Flores-Inmobiliaria-en-Jesus-Maria-Cordoba-6-768x1024.jpg","contentUrl":"https:\/\/ezequielfloresinmobiliaria.com\/wp-content\/uploads\/2024\/08\/Oficina-Ezequiel-Flores-Inmobiliaria-en-Jesus-Maria-Cordoba-6-768x1024.jpg"},{"@type":"BreadcrumbList","@id":"https:\/\/ezequielfloresinmobiliaria.com\/index.php\/nosotros\/#breadcrumb","itemListElement":[{"@type":"ListItem","position":1,"name":"Portada","item":"https:\/\/ezequielfloresinmobiliaria.com\/"},{"@type":"ListItem","position":2,"name":"Nosotros"}]},{"@type":"WebSite","@id":"https:\/\/ezequielfloresinmobiliaria.com\/#website","url":"https:\/\/ezequielfloresinmobiliaria.com\/","name":"Ezequiel Flores - Inmobiliaria","description":"Inversiones Inmobiliarias en Jes\u00fas Mar\u00eda y alrededores","publisher":{"@id":"https:\/\/ezequielfloresinmobiliaria.com\/#organization"},"potentialAction":[{"@type":"SearchAction","target":{"@type":"EntryPoint","urlTemplate":"https:\/\/ezequielfloresinmobiliaria.com\/?s={search_term_string}"},"query-input":{"@type":"PropertyValueSpecification","valueRequired":true,"valueName":"search_term_string"}}],"inLanguage":"es"},{"@type":"Organization","@id":"https:\/\/ezequielfloresinmobiliaria.com\/#organization","name":"Ezequiel Flores - Inmobiliaria","url":"https:\/\/ezequielfloresinmobiliaria.com\/","logo":{"@type":"ImageObject","inLanguage":"es","@id":"https:\/\/ezequielfloresinmobiliaria.com\/#\/schema\/logo\/image\/","url":"https:\/\/ezequielfloresinmobiliaria.com\/wp-content\/uploads\/2025\/06\/Inmobiliaria.png","contentUrl":"https:\/\/ezequielfloresinmobiliaria.com\/wp-content\/uploads\/2025\/06\/Inmobiliaria.png","width":1122,"height":1181,"caption":"Ezequiel Flores - Inmobiliaria"},"image":{"@id":"https:\/\/ezequielfloresinmobiliaria.com\/#\/schema\/logo\/image\/"},"sameAs":["https:\/\/www.facebook.com\/ezequiel.flores.718","https:\/\/www.instagram.com\/ezequielflores_inmobiliaria\/"]}]}},"uagb_featured_image_src":{"full":false,"thumbnail":false,"medium":false,"medium_large":false,"large":false,"1536x1536":false,"2048x2048":false},"uagb_author_info":{"display_name":"muruanegocios","author_link":"https:\/\/ezequielfloresinmobiliaria.com\/index.php\/author\/muruanegocios\/"},"uagb_comment_info":0,"uagb_excerpt":"Sobre NOSOTROS","_links":{"self":[{"href":"https:\/\/ezequielfloresinmobiliaria.com\/index.php\/wp-json\/wp\/v2\/pages\/993","targetHints":{"allow":["GET"]}}],"collection":[{"href":"https:\/\/ezequielfloresinmobiliaria.com\/index.php\/wp-json\/wp\/v2\/pages"}],"about":[{"href":"https:\/\/ezequielfloresinmobiliaria.com\/index.php\/wp-json\/wp\/v2\/types\/page"}],"author":[{"embeddable":true,"href":"https:\/\/ezequielfloresinmobiliaria.com\/index.php\/wp-json\/wp\/v2\/users\/1"}],"replies":[{"embeddable":true,"href":"https:\/\/ezequielfloresinmobiliaria.com\/index.php\/wp-json\/wp\/v2\/comments?post=993"}],"version-history":[{"count":49,"href":"https:\/\/ezequielfloresinmobiliaria.com\/index.php\/wp-json\/wp\/v2\/pages\/993\/revisions"}],"predecessor-version":[{"id":2093,"href":"https:\/\/ezequielfloresinmobiliaria.com\/index.php\/wp-json\/wp\/v2\/pages\/993\/revisions\/2093"}],"wp:attachment":[{"href":"https:\/\/ezequielfloresinmobiliaria.com\/index.php\/wp-json\/wp\/v2\/media?parent=993"}],"curies":[{"name":"wp","href":"https:\/\/api.w.org\/{rel}","templated":true}]}}