{"id":1210,"date":"2023-03-29T13:55:22","date_gmt":"2023-03-29T13:55:22","guid":{"rendered":"https:\/\/ezequielfloresinmobiliaria.com\/?page_id=1210"},"modified":"2024-01-11T21:39:22","modified_gmt":"2024-01-11T21:39:22","slug":"rural","status":"publish","type":"page","link":"https:\/\/ezequielfloresinmobiliaria.com\/index.php\/rural\/","title":{"rendered":"Rural"},"content":{"rendered":"\n<div class=\"wp-block-uagb-container desenfoque uagb-block-9a33098f alignfull uagb-is-root-container\">\n<div class=\"wp-block-uagb-advanced-heading uagb-block-0f5067b2\"><h2 class=\"uagb-heading-text\">Inversiones Rurales<\/h2><\/div>\n<\/div>\n\n\n\n<div class=\"wp-block-uagb-container uagb-block-acdb4135 alignfull uagb-is-root-container\"><div class=\"uagb-container-inner-blocks-wrap\">\n<div class=\"wp-block-uagb-advanced-heading uagb-block-8674f89b\"><h3 class=\"uagb-heading-text\"><br>\u00bfEst\u00e1s en busca de una inversi\u00f3n en el sector rural o agr\u00edcola? Nuestros inmuebles representan una opci\u00f3n s\u00f3lida y rentable para tu cartera de inversiones.<\/h3><\/div>\n\n\n\n<p class=\"has-text-align-center has-ast-global-color-8-color has-ast-global-color-0-background-color has-text-color has-background\" style=\"margin-top:0;margin-right:0;margin-bottom:0;margin-left:0;padding-top:var(--wp--preset--spacing--30);padding-right:var(--wp--preset--spacing--30);padding-bottom:var(--wp--preset--spacing--30);padding-left:var(--wp--preset--spacing--30);font-size:25px;font-style:normal;font-weight:500;line-height:1.3\">Para m\u00e1s informaci\u00f3n cont\u00e1ctese:<br>(03525) 606666    &#8211;   \u00a0(03525) 15614380<\/p>\n\n\n\n<div style=\"height:64px\" aria-hidden=\"true\" class=\"wp-block-spacer\"><\/div>\n<\/div><\/div>\n\n\n    <div data-search-form-selector='.js-es-search:not(.es-search--ignore-ajax)'>\n\n<div class=\"es-properties js-es-properties js-es-entities-wrap es-properties--hfm--full-width\">\n    \n    <div class=\"es-properties__list\">\n\t    \n<div class=\"es-listings__wrap-inner js-es-listings__wrap-inner js-es-entities__wrap_inner et_smooth_scroll_disabled\">\n    \n    <div itemscope itemtype=\"https:\/\/schema.org\/ItemList\" data-entity=\"listings\" class=\"js-es-listings js-es-entities es-listings es-listings--grid-2\" data-layout=\"es-listings--grid-2\" data-hash=\"bGF5b3V0PWdyaWQtMiZwb3N0c19wZXJfcGFnZT00MCZkaXNhYmxlX25hdmJhcj0wJnNob3dfc29ydD0xJnNob3dfdG90YWw9MSZzaG93X3BhZ2VfdGl0bGU9MSZzaG93X2xheW91dHM9MSZzb3J0PW5ld2VzdCZsaW1pdD0wJmxvb3BfdWlkPTEmcGFnZV90aXRsZT1SdXJhbCZpZ25vcmVfc2VhcmNoPTAmc2VhcmNoX2Zvcm1fc2VsZWN0b3I9LmpzLWVzLXNlYXJjaDpub3QoLmVzLXNlYXJjaC0taWdub3JlLWFqYXgpJmVuYWJsZV9zZWFyY2g9MCZzZWFyY2hfdHlwZT1zaW1wbGUmZW5hYmxlX2FqYXg9MSZ2aWV3X2FsbF9saW5rX25hbWU9VmVyIHRvZG8mZGlzYWJsZV9wYWdpbmF0aW9uPTAmd2lzaGxpc3RfY29uZmlybT0wJmhmbV9mdWxsX3dpZHRoPTEmX2lnbm9yZV9jb29yZGluYXRlcz0wJmZpZWxkc19kZWxpbWl0ZXI9LCZzdHJpY3RfYWRkcmVzcz0wJm1hcF9zaG93PTAmYXV0aG9ycz0wJmVzX2NhdGVnb3J5PTIyMQ==\">\n            <\/div>\n\t        <div class=\"es-no-found-posts\">\n\t<h2 class=\"es-no-found-posts__title heading-font\">No hay resultados\n<\/h2>\n\t<p class=\"content-font\">Ajuste su b\u00fasqueda cambiando los filtros.\n<\/p>\n    <\/div>\n        <div class='es-powered content-font'>Powered by <a target='_blank' href='https:\/\/estatik.net'>Estatik<\/a><\/div><\/div>\n    <\/div>\n    <div class=\"js-es-properties__map es-properties__map \">\n\t        <div id=\"properties-map-69e22c0076488\" class=\"js-es-map es-map\" data-listings=\"[]\"><\/div>\n    <\/div>\n<\/div>\n\n    <\/div>\n\n","protected":false},"excerpt":{"rendered":"<p>Inversiones Rurales \u00bfEst\u00e1s en busca de una inversi\u00f3n en el sector rural o agr\u00edcola? Nuestros inmuebles representan una opci\u00f3n s\u00f3lida y rentable para tu cartera de inversiones. Para m\u00e1s informaci\u00f3n cont\u00e1ctese:(03525) 606666 &#8211; \u00a0(03525) 15614380<\/p>\n","protected":false},"author":1,"featured_media":0,"parent":0,"menu_order":0,"comment_status":"closed","ping_status":"closed","template":"","meta":{"_uag_custom_page_level_css":"","site-sidebar-layout":"default","site-content-layout":"","ast-site-content-layout":"default","site-content-style":"default","site-sidebar-style":"default","ast-global-header-display":"","ast-banner-title-visibility":"","ast-main-header-display":"","ast-hfb-above-header-display":"","ast-hfb-below-header-display":"","ast-hfb-mobile-header-display":"","site-post-title":"disabled","ast-breadcrumbs-content":"","ast-featured-img":"","footer-sml-layout":"","ast-disable-related-posts":"","theme-transparent-header-meta":"","adv-header-id-meta":"","stick-header-meta":"","header-above-stick-meta":"","header-main-stick-meta":"","header-below-stick-meta":"","astra-migrate-meta-layouts":"default","ast-page-background-enabled":"default","ast-page-background-meta":{"desktop":{"background-color":"var(--ast-global-color-4)","background-image":"","background-repeat":"repeat","background-position":"center center","background-size":"auto","background-attachment":"scroll","background-type":"","background-media":"","overlay-type":"","overlay-color":"","overlay-opacity":"","overlay-gradient":""},"tablet":{"background-color":"","background-image":"","background-repeat":"repeat","background-position":"center center","background-size":"auto","background-attachment":"scroll","background-type":"","background-media":"","overlay-type":"","overlay-color":"","overlay-opacity":"","overlay-gradient":""},"mobile":{"background-color":"","background-image":"","background-repeat":"repeat","background-position":"center center","background-size":"auto","background-attachment":"scroll","background-type":"","background-media":"","overlay-type":"","overlay-color":"","overlay-opacity":"","overlay-gradient":""}},"ast-content-background-meta":{"desktop":{"background-color":"var(--ast-global-color-5)","background-image":"","background-repeat":"repeat","background-position":"center center","background-size":"auto","background-attachment":"scroll","background-type":"","background-media":"","overlay-type":"","overlay-color":"","overlay-opacity":"","overlay-gradient":""},"tablet":{"background-color":"var(--ast-global-color-5)","background-image":"","background-repeat":"repeat","background-position":"center center","background-size":"auto","background-attachment":"scroll","background-type":"","background-media":"","overlay-type":"","overlay-color":"","overlay-opacity":"","overlay-gradient":""},"mobile":{"background-color":"var(--ast-global-color-5)","background-image":"","background-repeat":"repeat","background-position":"center center","background-size":"auto","background-attachment":"scroll","background-type":"","background-media":"","overlay-type":"","overlay-color":"","overlay-opacity":"","overlay-gradient":""}},"footnotes":""},"class_list":["post-1210","page","type-page","status-publish","hentry"],"yoast_head":"<!-- This site is optimized with the Yoast SEO plugin v27.4 - https:\/\/yoast.com\/product\/yoast-seo-wordpress\/ -->\n<title>Rural - Ezequiel Flores - Inmobiliaria<\/title>\n<meta name=\"robots\" content=\"index, follow, max-snippet:-1, max-image-preview:large, max-video-preview:-1\" \/>\n<link rel=\"canonical\" href=\"https:\/\/ezequielfloresinmobiliaria.com\/index.php\/rural\/\" \/>\n<meta property=\"og:locale\" content=\"es_ES\" \/>\n<meta property=\"og:type\" content=\"article\" \/>\n<meta property=\"og:title\" content=\"Rural - Ezequiel Flores - Inmobiliaria\" \/>\n<meta property=\"og:description\" content=\"Inversiones Rurales \u00bfEst\u00e1s en busca de una inversi\u00f3n en el sector rural o agr\u00edcola? Nuestros inmuebles representan una opci\u00f3n s\u00f3lida y rentable para tu cartera de inversiones. Para m\u00e1s informaci\u00f3n cont\u00e1ctese:(03525) 606666 &#8211; \u00a0(03525) 15614380\" \/>\n<meta property=\"og:url\" content=\"https:\/\/ezequielfloresinmobiliaria.com\/index.php\/rural\/\" \/>\n<meta property=\"og:site_name\" content=\"Ezequiel Flores - Inmobiliaria\" \/>\n<meta property=\"article:publisher\" content=\"https:\/\/www.facebook.com\/ezequiel.flores.718\" \/>\n<meta property=\"article:modified_time\" content=\"2024-01-11T21:39:22+00:00\" \/>\n<meta name=\"twitter:card\" content=\"summary_large_image\" \/>\n<script type=\"application\/ld+json\" class=\"yoast-schema-graph\">{\"@context\":\"https:\\\/\\\/schema.org\",\"@graph\":[{\"@type\":\"WebPage\",\"@id\":\"https:\\\/\\\/ezequielfloresinmobiliaria.com\\\/index.php\\\/rural\\\/\",\"url\":\"https:\\\/\\\/ezequielfloresinmobiliaria.com\\\/index.php\\\/rural\\\/\",\"name\":\"Rural - Ezequiel Flores - Inmobiliaria\",\"isPartOf\":{\"@id\":\"https:\\\/\\\/ezequielfloresinmobiliaria.com\\\/#website\"},\"datePublished\":\"2023-03-29T13:55:22+00:00\",\"dateModified\":\"2024-01-11T21:39:22+00:00\",\"breadcrumb\":{\"@id\":\"https:\\\/\\\/ezequielfloresinmobiliaria.com\\\/index.php\\\/rural\\\/#breadcrumb\"},\"inLanguage\":\"es\",\"potentialAction\":[{\"@type\":\"ReadAction\",\"target\":[\"https:\\\/\\\/ezequielfloresinmobiliaria.com\\\/index.php\\\/rural\\\/\"]}]},{\"@type\":\"BreadcrumbList\",\"@id\":\"https:\\\/\\\/ezequielfloresinmobiliaria.com\\\/index.php\\\/rural\\\/#breadcrumb\",\"itemListElement\":[{\"@type\":\"ListItem\",\"position\":1,\"name\":\"Portada\",\"item\":\"https:\\\/\\\/ezequielfloresinmobiliaria.com\\\/\"},{\"@type\":\"ListItem\",\"position\":2,\"name\":\"Rural\"}]},{\"@type\":\"WebSite\",\"@id\":\"https:\\\/\\\/ezequielfloresinmobiliaria.com\\\/#website\",\"url\":\"https:\\\/\\\/ezequielfloresinmobiliaria.com\\\/\",\"name\":\"Ezequiel Flores - Inmobiliaria\",\"description\":\"Inversiones Inmobiliarias en Jes\u00fas Mar\u00eda y alrededores\",\"publisher\":{\"@id\":\"https:\\\/\\\/ezequielfloresinmobiliaria.com\\\/#organization\"},\"potentialAction\":[{\"@type\":\"SearchAction\",\"target\":{\"@type\":\"EntryPoint\",\"urlTemplate\":\"https:\\\/\\\/ezequielfloresinmobiliaria.com\\\/?s={search_term_string}\"},\"query-input\":{\"@type\":\"PropertyValueSpecification\",\"valueRequired\":true,\"valueName\":\"search_term_string\"}}],\"inLanguage\":\"es\"},{\"@type\":\"Organization\",\"@id\":\"https:\\\/\\\/ezequielfloresinmobiliaria.com\\\/#organization\",\"name\":\"Ezequiel Flores - Inmobiliaria\",\"url\":\"https:\\\/\\\/ezequielfloresinmobiliaria.com\\\/\",\"logo\":{\"@type\":\"ImageObject\",\"inLanguage\":\"es\",\"@id\":\"https:\\\/\\\/ezequielfloresinmobiliaria.com\\\/#\\\/schema\\\/logo\\\/image\\\/\",\"url\":\"https:\\\/\\\/ezequielfloresinmobiliaria.com\\\/wp-content\\\/uploads\\\/2025\\\/06\\\/Inmobiliaria.png\",\"contentUrl\":\"https:\\\/\\\/ezequielfloresinmobiliaria.com\\\/wp-content\\\/uploads\\\/2025\\\/06\\\/Inmobiliaria.png\",\"width\":1122,\"height\":1181,\"caption\":\"Ezequiel Flores - Inmobiliaria\"},\"image\":{\"@id\":\"https:\\\/\\\/ezequielfloresinmobiliaria.com\\\/#\\\/schema\\\/logo\\\/image\\\/\"},\"sameAs\":[\"https:\\\/\\\/www.facebook.com\\\/ezequiel.flores.718\",\"https:\\\/\\\/www.instagram.com\\\/ezequielflores_inmobiliaria\\\/\"]}]}<\/script>\n<!-- \/ Yoast SEO plugin. -->","yoast_head_json":{"title":"Rural - Ezequiel Flores - Inmobiliaria","robots":{"index":"index","follow":"follow","max-snippet":"max-snippet:-1","max-image-preview":"max-image-preview:large","max-video-preview":"max-video-preview:-1"},"canonical":"https:\/\/ezequielfloresinmobiliaria.com\/index.php\/rural\/","og_locale":"es_ES","og_type":"article","og_title":"Rural - Ezequiel Flores - Inmobiliaria","og_description":"Inversiones Rurales \u00bfEst\u00e1s en busca de una inversi\u00f3n en el sector rural o agr\u00edcola? Nuestros inmuebles representan una opci\u00f3n s\u00f3lida y rentable para tu cartera de inversiones. Para m\u00e1s informaci\u00f3n cont\u00e1ctese:(03525) 606666 &#8211; \u00a0(03525) 15614380","og_url":"https:\/\/ezequielfloresinmobiliaria.com\/index.php\/rural\/","og_site_name":"Ezequiel Flores - Inmobiliaria","article_publisher":"https:\/\/www.facebook.com\/ezequiel.flores.718","article_modified_time":"2024-01-11T21:39:22+00:00","twitter_card":"summary_large_image","schema":{"@context":"https:\/\/schema.org","@graph":[{"@type":"WebPage","@id":"https:\/\/ezequielfloresinmobiliaria.com\/index.php\/rural\/","url":"https:\/\/ezequielfloresinmobiliaria.com\/index.php\/rural\/","name":"Rural - Ezequiel Flores - Inmobiliaria","isPartOf":{"@id":"https:\/\/ezequielfloresinmobiliaria.com\/#website"},"datePublished":"2023-03-29T13:55:22+00:00","dateModified":"2024-01-11T21:39:22+00:00","breadcrumb":{"@id":"https:\/\/ezequielfloresinmobiliaria.com\/index.php\/rural\/#breadcrumb"},"inLanguage":"es","potentialAction":[{"@type":"ReadAction","target":["https:\/\/ezequielfloresinmobiliaria.com\/index.php\/rural\/"]}]},{"@type":"BreadcrumbList","@id":"https:\/\/ezequielfloresinmobiliaria.com\/index.php\/rural\/#breadcrumb","itemListElement":[{"@type":"ListItem","position":1,"name":"Portada","item":"https:\/\/ezequielfloresinmobiliaria.com\/"},{"@type":"ListItem","position":2,"name":"Rural"}]},{"@type":"WebSite","@id":"https:\/\/ezequielfloresinmobiliaria.com\/#website","url":"https:\/\/ezequielfloresinmobiliaria.com\/","name":"Ezequiel Flores - Inmobiliaria","description":"Inversiones Inmobiliarias en Jes\u00fas Mar\u00eda y alrededores","publisher":{"@id":"https:\/\/ezequielfloresinmobiliaria.com\/#organization"},"potentialAction":[{"@type":"SearchAction","target":{"@type":"EntryPoint","urlTemplate":"https:\/\/ezequielfloresinmobiliaria.com\/?s={search_term_string}"},"query-input":{"@type":"PropertyValueSpecification","valueRequired":true,"valueName":"search_term_string"}}],"inLanguage":"es"},{"@type":"Organization","@id":"https:\/\/ezequielfloresinmobiliaria.com\/#organization","name":"Ezequiel Flores - Inmobiliaria","url":"https:\/\/ezequielfloresinmobiliaria.com\/","logo":{"@type":"ImageObject","inLanguage":"es","@id":"https:\/\/ezequielfloresinmobiliaria.com\/#\/schema\/logo\/image\/","url":"https:\/\/ezequielfloresinmobiliaria.com\/wp-content\/uploads\/2025\/06\/Inmobiliaria.png","contentUrl":"https:\/\/ezequielfloresinmobiliaria.com\/wp-content\/uploads\/2025\/06\/Inmobiliaria.png","width":1122,"height":1181,"caption":"Ezequiel Flores - Inmobiliaria"},"image":{"@id":"https:\/\/ezequielfloresinmobiliaria.com\/#\/schema\/logo\/image\/"},"sameAs":["https:\/\/www.facebook.com\/ezequiel.flores.718","https:\/\/www.instagram.com\/ezequielflores_inmobiliaria\/"]}]}},"uagb_featured_image_src":{"full":false,"thumbnail":false,"medium":false,"medium_large":false,"large":false,"1536x1536":false,"2048x2048":false},"uagb_author_info":{"display_name":"muruanegocios","author_link":"https:\/\/ezequielfloresinmobiliaria.com\/index.php\/author\/muruanegocios\/"},"uagb_comment_info":0,"uagb_excerpt":"Inversiones Rurales \u00bfEst\u00e1s en busca de una inversi\u00f3n en el sector rural o agr\u00edcola? Nuestros inmuebles representan una opci\u00f3n s\u00f3lida y rentable para tu cartera de inversiones. Para m\u00e1s informaci\u00f3n cont\u00e1ctese:(03525) 606666 &#8211; \u00a0(03525) 15614380","_links":{"self":[{"href":"https:\/\/ezequielfloresinmobiliaria.com\/index.php\/wp-json\/wp\/v2\/pages\/1210","targetHints":{"allow":["GET"]}}],"collection":[{"href":"https:\/\/ezequielfloresinmobiliaria.com\/index.php\/wp-json\/wp\/v2\/pages"}],"about":[{"href":"https:\/\/ezequielfloresinmobiliaria.com\/index.php\/wp-json\/wp\/v2\/types\/page"}],"author":[{"embeddable":true,"href":"https:\/\/ezequielfloresinmobiliaria.com\/index.php\/wp-json\/wp\/v2\/users\/1"}],"replies":[{"embeddable":true,"href":"https:\/\/ezequielfloresinmobiliaria.com\/index.php\/wp-json\/wp\/v2\/comments?post=1210"}],"version-history":[{"count":23,"href":"https:\/\/ezequielfloresinmobiliaria.com\/index.php\/wp-json\/wp\/v2\/pages\/1210\/revisions"}],"predecessor-version":[{"id":1325,"href":"https:\/\/ezequielfloresinmobiliaria.com\/index.php\/wp-json\/wp\/v2\/pages\/1210\/revisions\/1325"}],"wp:attachment":[{"href":"https:\/\/ezequielfloresinmobiliaria.com\/index.php\/wp-json\/wp\/v2\/media?parent=1210"}],"curies":[{"name":"wp","href":"https:\/\/api.w.org\/{rel}","templated":true}]}}