{"id":1139,"date":"2023-03-10T22:17:51","date_gmt":"2023-03-10T22:17:51","guid":{"rendered":"https:\/\/ezequielfloresinmobiliaria.com\/?page_id=1139"},"modified":"2024-01-29T17:14:25","modified_gmt":"2024-01-29T17:14:25","slug":"contacto","status":"publish","type":"page","link":"https:\/\/ezequielfloresinmobiliaria.com\/index.php\/contacto\/","title":{"rendered":"Contacto"},"content":{"rendered":"\n<div class=\"wp-block-uagb-container desenfoque uagb-block-65238c66 alignfull uagb-is-root-container\">\n<div class=\"wp-block-uagb-advanced-heading uagb-block-e48b5f69\"><h1 class=\"uagb-heading-text\">Cont\u00e1ctenos<\/h1><\/div>\n<\/div>\n\n\n\n<div class=\"wp-block-uagb-container uagb-block-d3b490de alignfull uagb-is-root-container\"><div class=\"uagb-container-inner-blocks-wrap\">\n<div class=\"wp-block-uagb-advanced-heading uagb-block-2bd17757\"><h2 class=\"uagb-heading-text\">Nuestras oficinas<\/h2><\/div>\n\n\n\t\t\t<div \n\t\t\tclass=\"wp-block-uagb-google-map uagb-google-map__wrap uagb-block-7d05d3d0     \"\n\t\t\tstyle=\"\" >\n\t\t\t\t<embed\n\t\t\t\t\tclass=\"uagb-google-map__iframe\"\n\t\t\t\t\ttitle=\"Mapa de Google de\"\n\t\t\t\t\tsrc=\"https:\/\/maps.google.com\/maps?q=Italia%201035%2C%20Jes%C3%BAs%20Mar%C3%ADa%2C%20C%C3%B3rdoba.&#038;z=16&#038;hl=es&#038;t=m&#038;output=embed&#038;iwloc=near\"\n\t\t\t\t\twidth=\"640\"\n\t\t\t\t\theight=\"446\"\n\t\t\t\t\tloading=\"lazy\"\n\t\t\t\t><\/embed>\n\t\t\t<\/div>\n\t\t\t\n\n\n<div class=\"wp-block-uagb-advanced-heading uagb-block-4b40f3dc\"><h3 class=\"uagb-heading-text\">Italia 1035, Jes\u00fas Mar\u00eda, C\u00f3rdoba.<\/h3><\/div>\n<\/div><\/div>\n\n\n\n<div class=\"wp-block-uagb-container uagb-block-659d2732 alignfull uagb-is-root-container\">\n<div class=\"wp-block-uagb-container uagb-block-dcc0878d\">\n<div class=\"wp-block-uagb-advanced-heading uagb-block-3cc442a2\"><h3 class=\"uagb-heading-text\">S\u00edguenos en nuestras redes<\/h3><\/div>\n\n\n\n<ul class=\"wp-block-social-links has-huge-icon-size has-visible-labels is-style-default is-horizontal is-content-justification-center is-layout-flex wp-container-core-social-links-is-layout-02fc785b wp-block-social-links-is-layout-flex\"><li class=\"wp-social-link wp-social-link-facebook  wp-block-social-link\"><a rel=\"noopener nofollow\" target=\"_blank\" href=\"https:\/\/www.facebook.com\/ezequiel.flores.718?mibextid=ZbWKwL\" class=\"wp-block-social-link-anchor\"><svg width=\"24\" height=\"24\" viewBox=\"0 0 24 24\" version=\"1.1\" xmlns=\"http:\/\/www.w3.org\/2000\/svg\" aria-hidden=\"true\" focusable=\"false\"><path d=\"M12 2C6.5 2 2 6.5 2 12c0 5 3.7 9.1 8.4 9.9v-7H7.9V12h2.5V9.8c0-2.5 1.5-3.9 3.8-3.9 1.1 0 2.2.2 2.2.2v2.5h-1.3c-1.2 0-1.6.8-1.6 1.6V12h2.8l-.4 2.9h-2.3v7C18.3 21.1 22 17 22 12c0-5.5-4.5-10-10-10z\"><\/path><\/svg><span class=\"wp-block-social-link-label\">Facebook<\/span><\/a><\/li>\n\n<li class=\"wp-social-link wp-social-link-whatsapp  wp-block-social-link\"><a rel=\"noopener nofollow\" target=\"_blank\" href=\"https:\/\/wa.link\/7vrp9g\" class=\"wp-block-social-link-anchor\"><svg width=\"24\" height=\"24\" viewBox=\"0 0 24 24\" version=\"1.1\" xmlns=\"http:\/\/www.w3.org\/2000\/svg\" aria-hidden=\"true\" focusable=\"false\"><path d=\"M 12.011719 2 C 6.5057187 2 2.0234844 6.478375 2.0214844 11.984375 C 2.0204844 13.744375 2.4814687 15.462563 3.3554688 16.976562 L 2 22 L 7.2324219 20.763672 C 8.6914219 21.559672 10.333859 21.977516 12.005859 21.978516 L 12.009766 21.978516 C 17.514766 21.978516 21.995047 17.499141 21.998047 11.994141 C 22.000047 9.3251406 20.962172 6.8157344 19.076172 4.9277344 C 17.190172 3.0407344 14.683719 2.001 12.011719 2 z M 12.009766 4 C 14.145766 4.001 16.153109 4.8337969 17.662109 6.3417969 C 19.171109 7.8517969 20.000047 9.8581875 19.998047 11.992188 C 19.996047 16.396187 16.413812 19.978516 12.007812 19.978516 C 10.674812 19.977516 9.3544062 19.642812 8.1914062 19.007812 L 7.5175781 18.640625 L 6.7734375 18.816406 L 4.8046875 19.28125 L 5.2851562 17.496094 L 5.5019531 16.695312 L 5.0878906 15.976562 C 4.3898906 14.768562 4.0204844 13.387375 4.0214844 11.984375 C 4.0234844 7.582375 7.6067656 4 12.009766 4 z M 8.4765625 7.375 C 8.3095625 7.375 8.0395469 7.4375 7.8105469 7.6875 C 7.5815469 7.9365 6.9355469 8.5395781 6.9355469 9.7675781 C 6.9355469 10.995578 7.8300781 12.182609 7.9550781 12.349609 C 8.0790781 12.515609 9.68175 15.115234 12.21875 16.115234 C 14.32675 16.946234 14.754891 16.782234 15.212891 16.740234 C 15.670891 16.699234 16.690438 16.137687 16.898438 15.554688 C 17.106437 14.971687 17.106922 14.470187 17.044922 14.367188 C 16.982922 14.263188 16.816406 14.201172 16.566406 14.076172 C 16.317406 13.951172 15.090328 13.348625 14.861328 13.265625 C 14.632328 13.182625 14.464828 13.140625 14.298828 13.390625 C 14.132828 13.640625 13.655766 14.201187 13.509766 14.367188 C 13.363766 14.534188 13.21875 14.556641 12.96875 14.431641 C 12.71875 14.305641 11.914938 14.041406 10.960938 13.191406 C 10.218937 12.530406 9.7182656 11.714844 9.5722656 11.464844 C 9.4272656 11.215844 9.5585938 11.079078 9.6835938 10.955078 C 9.7955938 10.843078 9.9316406 10.663578 10.056641 10.517578 C 10.180641 10.371578 10.223641 10.267562 10.306641 10.101562 C 10.389641 9.9355625 10.347156 9.7890625 10.285156 9.6640625 C 10.223156 9.5390625 9.737625 8.3065 9.515625 7.8125 C 9.328625 7.3975 9.131125 7.3878594 8.953125 7.3808594 C 8.808125 7.3748594 8.6425625 7.375 8.4765625 7.375 z\"><\/path><\/svg><span class=\"wp-block-social-link-label\">WhatsApp<\/span><\/a><\/li>\n\n<li class=\"wp-social-link wp-social-link-instagram  wp-block-social-link\"><a rel=\"noopener nofollow\" target=\"_blank\" href=\"https:\/\/www.instagram.com\/ezequielflores_inmobiliaria\/\" class=\"wp-block-social-link-anchor\"><svg width=\"24\" height=\"24\" viewBox=\"0 0 24 24\" version=\"1.1\" xmlns=\"http:\/\/www.w3.org\/2000\/svg\" aria-hidden=\"true\" focusable=\"false\"><path d=\"M12,4.622c2.403,0,2.688,0.009,3.637,0.052c0.877,0.04,1.354,0.187,1.671,0.31c0.42,0.163,0.72,0.358,1.035,0.673 c0.315,0.315,0.51,0.615,0.673,1.035c0.123,0.317,0.27,0.794,0.31,1.671c0.043,0.949,0.052,1.234,0.052,3.637 s-0.009,2.688-0.052,3.637c-0.04,0.877-0.187,1.354-0.31,1.671c-0.163,0.42-0.358,0.72-0.673,1.035 c-0.315,0.315-0.615,0.51-1.035,0.673c-0.317,0.123-0.794,0.27-1.671,0.31c-0.949,0.043-1.233,0.052-3.637,0.052 s-2.688-0.009-3.637-0.052c-0.877-0.04-1.354-0.187-1.671-0.31c-0.42-0.163-0.72-0.358-1.035-0.673 c-0.315-0.315-0.51-0.615-0.673-1.035c-0.123-0.317-0.27-0.794-0.31-1.671C4.631,14.688,4.622,14.403,4.622,12 s0.009-2.688,0.052-3.637c0.04-0.877,0.187-1.354,0.31-1.671c0.163-0.42,0.358-0.72,0.673-1.035 c0.315-0.315,0.615-0.51,1.035-0.673c0.317-0.123,0.794-0.27,1.671-0.31C9.312,4.631,9.597,4.622,12,4.622 M12,3 C9.556,3,9.249,3.01,8.289,3.054C7.331,3.098,6.677,3.25,6.105,3.472C5.513,3.702,5.011,4.01,4.511,4.511 c-0.5,0.5-0.808,1.002-1.038,1.594C3.25,6.677,3.098,7.331,3.054,8.289C3.01,9.249,3,9.556,3,12c0,2.444,0.01,2.751,0.054,3.711 c0.044,0.958,0.196,1.612,0.418,2.185c0.23,0.592,0.538,1.094,1.038,1.594c0.5,0.5,1.002,0.808,1.594,1.038 c0.572,0.222,1.227,0.375,2.185,0.418C9.249,20.99,9.556,21,12,21s2.751-0.01,3.711-0.054c0.958-0.044,1.612-0.196,2.185-0.418 c0.592-0.23,1.094-0.538,1.594-1.038c0.5-0.5,0.808-1.002,1.038-1.594c0.222-0.572,0.375-1.227,0.418-2.185 C20.99,14.751,21,14.444,21,12s-0.01-2.751-0.054-3.711c-0.044-0.958-0.196-1.612-0.418-2.185c-0.23-0.592-0.538-1.094-1.038-1.594 c-0.5-0.5-1.002-0.808-1.594-1.038c-0.572-0.222-1.227-0.375-2.185-0.418C14.751,3.01,14.444,3,12,3L12,3z M12,7.378 c-2.552,0-4.622,2.069-4.622,4.622S9.448,16.622,12,16.622s4.622-2.069,4.622-4.622S14.552,7.378,12,7.378z M12,15 c-1.657,0-3-1.343-3-3s1.343-3,3-3s3,1.343,3,3S13.657,15,12,15z M16.804,6.116c-0.596,0-1.08,0.484-1.08,1.08 s0.484,1.08,1.08,1.08c0.596,0,1.08-0.484,1.08-1.08S17.401,6.116,16.804,6.116z\"><\/path><\/svg><span class=\"wp-block-social-link-label\">Instagram<\/span><\/a><\/li><\/ul>\n<\/div>\n<\/div>\n\n\n\n<div class=\"wp-block-uagb-container uagb-block-6b65064b alignfull uagb-is-root-container\">\n<div class=\"wp-block-uagb-advanced-heading uagb-block-300620a2\"><h2 class=\"uagb-heading-text\">Ll\u00e1menos o env\u00edenos un mensaje<\/h2><\/div>\n<\/div>\n","protected":false},"excerpt":{"rendered":"<p>Cont\u00e1ctenos Nuestras oficinas Italia 1035, Jes\u00fas Mar\u00eda, C\u00f3rdoba. S\u00edguenos en nuestras redes Ll\u00e1menos o env\u00edenos un mensaje<\/p>\n","protected":false},"author":1,"featured_media":0,"parent":0,"menu_order":0,"comment_status":"closed","ping_status":"closed","template":"","meta":{"_uag_custom_page_level_css":"","site-sidebar-layout":"default","site-content-layout":"","ast-site-content-layout":"default","site-content-style":"default","site-sidebar-style":"default","ast-global-header-display":"","ast-banner-title-visibility":"","ast-main-header-display":"","ast-hfb-above-header-display":"","ast-hfb-below-header-display":"","ast-hfb-mobile-header-display":"","site-post-title":"disabled","ast-breadcrumbs-content":"","ast-featured-img":"","footer-sml-layout":"","ast-disable-related-posts":"","theme-transparent-header-meta":"","adv-header-id-meta":"","stick-header-meta":"","header-above-stick-meta":"","header-main-stick-meta":"","header-below-stick-meta":"","astra-migrate-meta-layouts":"default","ast-page-background-enabled":"default","ast-page-background-meta":{"desktop":{"background-color":"var(--ast-global-color-4)","background-image":"","background-repeat":"repeat","background-position":"center center","background-size":"auto","background-attachment":"scroll","background-type":"","background-media":"","overlay-type":"","overlay-color":"","overlay-opacity":"","overlay-gradient":""},"tablet":{"background-color":"","background-image":"","background-repeat":"repeat","background-position":"center center","background-size":"auto","background-attachment":"scroll","background-type":"","background-media":"","overlay-type":"","overlay-color":"","overlay-opacity":"","overlay-gradient":""},"mobile":{"background-color":"","background-image":"","background-repeat":"repeat","background-position":"center center","background-size":"auto","background-attachment":"scroll","background-type":"","background-media":"","overlay-type":"","overlay-color":"","overlay-opacity":"","overlay-gradient":""}},"ast-content-background-meta":{"desktop":{"background-color":"var(--ast-global-color-5)","background-image":"","background-repeat":"repeat","background-position":"center center","background-size":"auto","background-attachment":"scroll","background-type":"","background-media":"","overlay-type":"","overlay-color":"","overlay-opacity":"","overlay-gradient":""},"tablet":{"background-color":"var(--ast-global-color-5)","background-image":"","background-repeat":"repeat","background-position":"center center","background-size":"auto","background-attachment":"scroll","background-type":"","background-media":"","overlay-type":"","overlay-color":"","overlay-opacity":"","overlay-gradient":""},"mobile":{"background-color":"var(--ast-global-color-5)","background-image":"","background-repeat":"repeat","background-position":"center center","background-size":"auto","background-attachment":"scroll","background-type":"","background-media":"","overlay-type":"","overlay-color":"","overlay-opacity":"","overlay-gradient":""}},"footnotes":""},"class_list":["post-1139","page","type-page","status-publish","hentry"],"yoast_head":"<!-- This site is optimized with the Yoast SEO plugin v27.5 - https:\/\/yoast.com\/product\/yoast-seo-wordpress\/ -->\n<title>Contacto - Ezequiel Flores - Inmobiliaria<\/title>\n<meta name=\"robots\" content=\"index, follow, max-snippet:-1, max-image-preview:large, max-video-preview:-1\" \/>\n<link rel=\"canonical\" href=\"https:\/\/ezequielfloresinmobiliaria.com\/index.php\/contacto\/\" \/>\n<meta property=\"og:locale\" content=\"es_ES\" \/>\n<meta property=\"og:type\" content=\"article\" \/>\n<meta property=\"og:title\" content=\"Contacto - Ezequiel Flores - Inmobiliaria\" \/>\n<meta property=\"og:description\" content=\"Cont\u00e1ctenos Nuestras oficinas Italia 1035, Jes\u00fas Mar\u00eda, C\u00f3rdoba. S\u00edguenos en nuestras redes Ll\u00e1menos o env\u00edenos un mensaje\" \/>\n<meta property=\"og:url\" content=\"https:\/\/ezequielfloresinmobiliaria.com\/index.php\/contacto\/\" \/>\n<meta property=\"og:site_name\" content=\"Ezequiel Flores - Inmobiliaria\" \/>\n<meta property=\"article:publisher\" content=\"https:\/\/www.facebook.com\/ezequiel.flores.718\" \/>\n<meta property=\"article:modified_time\" content=\"2024-01-29T17:14:25+00:00\" \/>\n<meta name=\"twitter:card\" content=\"summary_large_image\" \/>\n<script type=\"application\/ld+json\" class=\"yoast-schema-graph\">{\"@context\":\"https:\\\/\\\/schema.org\",\"@graph\":[{\"@type\":\"WebPage\",\"@id\":\"https:\\\/\\\/ezequielfloresinmobiliaria.com\\\/index.php\\\/contacto\\\/\",\"url\":\"https:\\\/\\\/ezequielfloresinmobiliaria.com\\\/index.php\\\/contacto\\\/\",\"name\":\"Contacto - Ezequiel Flores - Inmobiliaria\",\"isPartOf\":{\"@id\":\"https:\\\/\\\/ezequielfloresinmobiliaria.com\\\/#website\"},\"datePublished\":\"2023-03-10T22:17:51+00:00\",\"dateModified\":\"2024-01-29T17:14:25+00:00\",\"breadcrumb\":{\"@id\":\"https:\\\/\\\/ezequielfloresinmobiliaria.com\\\/index.php\\\/contacto\\\/#breadcrumb\"},\"inLanguage\":\"es\",\"potentialAction\":[{\"@type\":\"ReadAction\",\"target\":[\"https:\\\/\\\/ezequielfloresinmobiliaria.com\\\/index.php\\\/contacto\\\/\"]}]},{\"@type\":\"BreadcrumbList\",\"@id\":\"https:\\\/\\\/ezequielfloresinmobiliaria.com\\\/index.php\\\/contacto\\\/#breadcrumb\",\"itemListElement\":[{\"@type\":\"ListItem\",\"position\":1,\"name\":\"Portada\",\"item\":\"https:\\\/\\\/ezequielfloresinmobiliaria.com\\\/\"},{\"@type\":\"ListItem\",\"position\":2,\"name\":\"Contacto\"}]},{\"@type\":\"WebSite\",\"@id\":\"https:\\\/\\\/ezequielfloresinmobiliaria.com\\\/#website\",\"url\":\"https:\\\/\\\/ezequielfloresinmobiliaria.com\\\/\",\"name\":\"Ezequiel Flores - Inmobiliaria\",\"description\":\"Inversiones Inmobiliarias en Jes\u00fas Mar\u00eda y alrededores\",\"publisher\":{\"@id\":\"https:\\\/\\\/ezequielfloresinmobiliaria.com\\\/#organization\"},\"potentialAction\":[{\"@type\":\"SearchAction\",\"target\":{\"@type\":\"EntryPoint\",\"urlTemplate\":\"https:\\\/\\\/ezequielfloresinmobiliaria.com\\\/?s={search_term_string}\"},\"query-input\":{\"@type\":\"PropertyValueSpecification\",\"valueRequired\":true,\"valueName\":\"search_term_string\"}}],\"inLanguage\":\"es\"},{\"@type\":\"Organization\",\"@id\":\"https:\\\/\\\/ezequielfloresinmobiliaria.com\\\/#organization\",\"name\":\"Ezequiel Flores - Inmobiliaria\",\"url\":\"https:\\\/\\\/ezequielfloresinmobiliaria.com\\\/\",\"logo\":{\"@type\":\"ImageObject\",\"inLanguage\":\"es\",\"@id\":\"https:\\\/\\\/ezequielfloresinmobiliaria.com\\\/#\\\/schema\\\/logo\\\/image\\\/\",\"url\":\"https:\\\/\\\/ezequielfloresinmobiliaria.com\\\/wp-content\\\/uploads\\\/2025\\\/06\\\/Inmobiliaria.png\",\"contentUrl\":\"https:\\\/\\\/ezequielfloresinmobiliaria.com\\\/wp-content\\\/uploads\\\/2025\\\/06\\\/Inmobiliaria.png\",\"width\":1122,\"height\":1181,\"caption\":\"Ezequiel Flores - Inmobiliaria\"},\"image\":{\"@id\":\"https:\\\/\\\/ezequielfloresinmobiliaria.com\\\/#\\\/schema\\\/logo\\\/image\\\/\"},\"sameAs\":[\"https:\\\/\\\/www.facebook.com\\\/ezequiel.flores.718\",\"https:\\\/\\\/www.instagram.com\\\/ezequielflores_inmobiliaria\\\/\"]}]}<\/script>\n<!-- \/ Yoast SEO plugin. -->","yoast_head_json":{"title":"Contacto - Ezequiel Flores - Inmobiliaria","robots":{"index":"index","follow":"follow","max-snippet":"max-snippet:-1","max-image-preview":"max-image-preview:large","max-video-preview":"max-video-preview:-1"},"canonical":"https:\/\/ezequielfloresinmobiliaria.com\/index.php\/contacto\/","og_locale":"es_ES","og_type":"article","og_title":"Contacto - Ezequiel Flores - Inmobiliaria","og_description":"Cont\u00e1ctenos Nuestras oficinas Italia 1035, Jes\u00fas Mar\u00eda, C\u00f3rdoba. S\u00edguenos en nuestras redes Ll\u00e1menos o env\u00edenos un mensaje","og_url":"https:\/\/ezequielfloresinmobiliaria.com\/index.php\/contacto\/","og_site_name":"Ezequiel Flores - Inmobiliaria","article_publisher":"https:\/\/www.facebook.com\/ezequiel.flores.718","article_modified_time":"2024-01-29T17:14:25+00:00","twitter_card":"summary_large_image","schema":{"@context":"https:\/\/schema.org","@graph":[{"@type":"WebPage","@id":"https:\/\/ezequielfloresinmobiliaria.com\/index.php\/contacto\/","url":"https:\/\/ezequielfloresinmobiliaria.com\/index.php\/contacto\/","name":"Contacto - Ezequiel Flores - Inmobiliaria","isPartOf":{"@id":"https:\/\/ezequielfloresinmobiliaria.com\/#website"},"datePublished":"2023-03-10T22:17:51+00:00","dateModified":"2024-01-29T17:14:25+00:00","breadcrumb":{"@id":"https:\/\/ezequielfloresinmobiliaria.com\/index.php\/contacto\/#breadcrumb"},"inLanguage":"es","potentialAction":[{"@type":"ReadAction","target":["https:\/\/ezequielfloresinmobiliaria.com\/index.php\/contacto\/"]}]},{"@type":"BreadcrumbList","@id":"https:\/\/ezequielfloresinmobiliaria.com\/index.php\/contacto\/#breadcrumb","itemListElement":[{"@type":"ListItem","position":1,"name":"Portada","item":"https:\/\/ezequielfloresinmobiliaria.com\/"},{"@type":"ListItem","position":2,"name":"Contacto"}]},{"@type":"WebSite","@id":"https:\/\/ezequielfloresinmobiliaria.com\/#website","url":"https:\/\/ezequielfloresinmobiliaria.com\/","name":"Ezequiel Flores - Inmobiliaria","description":"Inversiones Inmobiliarias en Jes\u00fas Mar\u00eda y alrededores","publisher":{"@id":"https:\/\/ezequielfloresinmobiliaria.com\/#organization"},"potentialAction":[{"@type":"SearchAction","target":{"@type":"EntryPoint","urlTemplate":"https:\/\/ezequielfloresinmobiliaria.com\/?s={search_term_string}"},"query-input":{"@type":"PropertyValueSpecification","valueRequired":true,"valueName":"search_term_string"}}],"inLanguage":"es"},{"@type":"Organization","@id":"https:\/\/ezequielfloresinmobiliaria.com\/#organization","name":"Ezequiel Flores - Inmobiliaria","url":"https:\/\/ezequielfloresinmobiliaria.com\/","logo":{"@type":"ImageObject","inLanguage":"es","@id":"https:\/\/ezequielfloresinmobiliaria.com\/#\/schema\/logo\/image\/","url":"https:\/\/ezequielfloresinmobiliaria.com\/wp-content\/uploads\/2025\/06\/Inmobiliaria.png","contentUrl":"https:\/\/ezequielfloresinmobiliaria.com\/wp-content\/uploads\/2025\/06\/Inmobiliaria.png","width":1122,"height":1181,"caption":"Ezequiel Flores - Inmobiliaria"},"image":{"@id":"https:\/\/ezequielfloresinmobiliaria.com\/#\/schema\/logo\/image\/"},"sameAs":["https:\/\/www.facebook.com\/ezequiel.flores.718","https:\/\/www.instagram.com\/ezequielflores_inmobiliaria\/"]}]}},"uagb_featured_image_src":{"full":false,"thumbnail":false,"medium":false,"medium_large":false,"large":false,"1536x1536":false,"2048x2048":false},"uagb_author_info":{"display_name":"muruanegocios","author_link":"https:\/\/ezequielfloresinmobiliaria.com\/index.php\/author\/muruanegocios\/"},"uagb_comment_info":0,"uagb_excerpt":"Cont\u00e1ctenos Nuestras oficinas Italia 1035, Jes\u00fas Mar\u00eda, C\u00f3rdoba. S\u00edguenos en nuestras redes Ll\u00e1menos o env\u00edenos un mensaje","_links":{"self":[{"href":"https:\/\/ezequielfloresinmobiliaria.com\/index.php\/wp-json\/wp\/v2\/pages\/1139","targetHints":{"allow":["GET"]}}],"collection":[{"href":"https:\/\/ezequielfloresinmobiliaria.com\/index.php\/wp-json\/wp\/v2\/pages"}],"about":[{"href":"https:\/\/ezequielfloresinmobiliaria.com\/index.php\/wp-json\/wp\/v2\/types\/page"}],"author":[{"embeddable":true,"href":"https:\/\/ezequielfloresinmobiliaria.com\/index.php\/wp-json\/wp\/v2\/users\/1"}],"replies":[{"embeddable":true,"href":"https:\/\/ezequielfloresinmobiliaria.com\/index.php\/wp-json\/wp\/v2\/comments?post=1139"}],"version-history":[{"count":37,"href":"https:\/\/ezequielfloresinmobiliaria.com\/index.php\/wp-json\/wp\/v2\/pages\/1139\/revisions"}],"predecessor-version":[{"id":1363,"href":"https:\/\/ezequielfloresinmobiliaria.com\/index.php\/wp-json\/wp\/v2\/pages\/1139\/revisions\/1363"}],"wp:attachment":[{"href":"https:\/\/ezequielfloresinmobiliaria.com\/index.php\/wp-json\/wp\/v2\/media?parent=1139"}],"curies":[{"name":"wp","href":"https:\/\/api.w.org\/{rel}","templated":true}]}}